{"id":642,"date":"2025-06-05T15:55:43","date_gmt":"2025-06-05T13:55:43","guid":{"rendered":"https:\/\/lebarcyrillignac.com\/?page_id=642"},"modified":"2026-02-23T14:01:40","modified_gmt":"2026-02-23T13:01:40","slug":"menu","status":"publish","type":"page","link":"https:\/\/lebarcyrillignac.com\/en\/menu\/","title":{"rendered":"Menu"},"content":{"rendered":"","protected":false},"excerpt":{"rendered":"","protected":false},"author":1,"featured_media":0,"parent":0,"menu_order":0,"comment_status":"closed","ping_status":"closed","template":"page-templates\/menu.php","meta":{"_acf_changed":false,"inline_featured_image":false,"footnotes":""},"class_list":["post-642","page","type-page","status-publish","hentry"],"acf":{"category":[{"menu_title":"Cocktails Creation","menu_plates":[{"menu_name":"CURRY CRUSH","menu_ingredients":"Heaven Sake, peach liqueur, pandan syrup, lemon juice, green curry","menu_price":"17"},{"menu_name":"L'EXCUSE","menu_ingredients":"Vodka, passion fruit, ginger beer, 5 spices syrup, lemon","menu_price":"15"},{"menu_name":"JALOUSIE","menu_ingredients":"Rose infused vodka, raspberry, yuzu, lychee","menu_price":"15"},{"menu_name":"L'INSOLITE","menu_ingredients":"Bombay Sapphire gin, watermelon syrup, lemon, marjoram","menu_price":"16"},{"menu_name":"CHICHARITO","menu_ingredients":"Tequila, mezcal, wasabi, cucumber, Ginger Beer, lime","menu_price":"16"},{"menu_name":"TWILIGHT","menu_ingredients":"Del Maguey mezcal, toasted coconut, verbena, lime","menu_price":"16"},{"menu_name":"GREEN MILE","menu_ingredients":"Chivas 12-year-old whisky, sage, Carpano, lemon, absinthe, bitters","menu_price":"16"},{"menu_name":"KUNG FU PANDAN","menu_ingredients":"Rhum, Homemade panda syrup, Penja pepper, lemon","menu_price":"16"},{"menu_name":"CLASSICS COCKTAILS","menu_ingredients":"Negroni \/ Old Fashioned \/ Cosmopolitain \/ Moscow Mule \/ Mojito<br \/>\r\nPisco Sour \/ Spritz \/ Dry Martini \/ Manhattan \/ P**n Star Martini","menu_price":"15"}]},{"menu_title":"Mocktail","menu_plates":[{"menu_name":"BASILIC INSTINCT","menu_ingredients":"Non-alcoholic gin, elderflower, lemon, cucumber puree, basil","menu_price":"12"}]},{"menu_title":"Champagne &amp; Wine - 14cl \/ 75 cl","menu_plates":[{"menu_name":"Champagne Mo\u00ebt &amp; Chandon, brut, NM","menu_ingredients":"","menu_price":"20 \/ 115"},{"menu_name":"Champagne Ruinart, Blanc de Blancs, NM","menu_ingredients":"","menu_price":"216"},{"menu_name":"Sancerre, domaine Bailly Reverdy, 2024","menu_ingredients":"","menu_price":"16 \/ 80"},{"menu_name":"Givry, Vieilles Vignes, domaine Ragot, 2023","menu_ingredients":"","menu_price":"17 \/ 85"}]},{"menu_title":"Beer - 33cl","menu_plates":[{"menu_name":"Carlsberg","menu_ingredients":"","menu_price":"6"},{"menu_name":"Organic homemade lager, Cyril Lignac x Emmanuel Rey","menu_ingredients":"","menu_price":"8"}]},{"menu_title":"Mineral Water &amp; Soft Drinks","menu_plates":[{"menu_name":"Vittel 50cl, San Pellegrino 50cl","menu_ingredients":"","menu_price":"7"},{"menu_name":"Perrier 33cl","menu_ingredients":"","menu_price":"6"},{"menu_name":"Coca-Cola 33cl, Coca Z\u00e9ro 33cl, limonade 33cl","menu_ingredients":"","menu_price":"6"},{"menu_name":"Ginger Ale 25cl, Ginger Beer 25cl","menu_ingredients":"","menu_price":"6"}]},{"menu_title":"Whisky 4cl","menu_plates":[{"menu_name":"Chivas Regal 12 ans (\u00c9cosse)","menu_ingredients":"","menu_price":"12"},{"menu_name":"Nikka from the Barrel (Japon)","menu_ingredients":"","menu_price":"13"},{"menu_name":"Nikka Coffey Grain (Japon)","menu_ingredients":"","menu_price":"18"},{"menu_name":"The Yamazaki 12 ans (Japon)","menu_ingredients":"","menu_price":"30"},{"menu_name":"Hibiki Japanese Harmony (Japon)","menu_ingredients":"","menu_price":"24"},{"menu_name":"Bulleit Rye (\u00c9tats-Unis)","menu_ingredients":"","menu_price":"12"},{"menu_name":"Bulleit Bourbon (\u00c9tats-Unis)","menu_ingredients":"","menu_price":"12"},{"menu_name":"Woodford Reserve (\u00c9tats-Unis)","menu_ingredients":"","menu_price":"12"},{"menu_name":"Glenfiddich 12 ans (\u00c9cosse)","menu_ingredients":"","menu_price":"12"},{"menu_name":"Macallan 15 ans (\u00c9cosse)","menu_ingredients":"","menu_price":"32"},{"menu_name":"Lagavulin 16 ans (\u00c9cosse)","menu_ingredients":"","menu_price":"15"},{"menu_name":"The Balvenie 15 ans (\u00c9cosse)","menu_ingredients":"","menu_price":"24"}]},{"menu_title":"Gin - 4cl","menu_plates":[{"menu_name":"Bombay Sapphire (Angleterre)","menu_ingredients":"","menu_price":"9"},{"menu_name":"Domaine de Murtoli (France)","menu_ingredients":"","menu_price":"14"},{"menu_name":"Citadelle (France)","menu_ingredients":"","menu_price":"10"},{"menu_name":"The Botanist (\u00c9cosse)","menu_ingredients":"","menu_price":"12"},{"menu_name":"Hendrick's (\u00c9cosse)","menu_ingredients":"","menu_price":"13"},{"menu_name":"Mare (Espagne)","menu_ingredients":"","menu_price":"14"},{"menu_name":"Roku (Japon)","menu_ingredients":"","menu_price":"10"},{"menu_name":"Monkey 47 (Allemagne)","menu_ingredients":"","menu_price":"14"}]},{"menu_title":"Vodka - 4cl","menu_plates":[{"menu_name":"Kettel One (Pays-Bas)","menu_ingredients":"","menu_price":"10"},{"menu_name":"Belvedere (Pologne)","menu_ingredients":"","menu_price":"14"},{"menu_name":"Grey Goose (France)","menu_ingredients":"","menu_price":"14"},{"menu_name":"Le Philtre Organic (France)","menu_ingredients":"","menu_price":"14"}]},{"menu_title":"Rhum - 4cl","menu_plates":[{"menu_name":"Havana Especial (Cuba)","menu_ingredients":"","menu_price":"8"},{"menu_name":"Cacha\u00e7a Leblon (Br\u00e9sil)","menu_ingredients":"","menu_price":"10"},{"menu_name":"Cl\u00e9ment XO (France)","menu_ingredients":"","menu_price":"16"},{"menu_name":"Diplomatico (Venezuela)","menu_ingredients":"","menu_price":"16"},{"menu_name":"Botran 15 ans (Guatemala)","menu_ingredients":"","menu_price":"14"},{"menu_name":"Zacapa 23 ans (Guatemala)","menu_ingredients":"","menu_price":"18"},{"menu_name":"Matusalem 15 ans (Cuba)","menu_ingredients":"","menu_price":"14"},{"menu_name":"Plantation XO (Barbade)","menu_ingredients":"","menu_price":"18"}]},{"menu_title":"Tequila &amp; Mezcal - 4cl","menu_plates":[{"menu_name":"Altos blanco","menu_ingredients":"","menu_price":"10"},{"menu_name":"Patron Silver","menu_ingredients":"","menu_price":"16"},{"menu_name":"Clase Azul, Plata","menu_ingredients":"","menu_price":"31"},{"menu_name":"Clase Azul, Reposado","menu_ingredients":"","menu_price":"36"},{"menu_name":"Mezcal del Maguey ","menu_ingredients":"","menu_price":"12"}]},{"menu_title":"Digestif","menu_plates":[{"menu_name":"Bas-Armagnac Laberdolive 1986 (France)","menu_ingredients":"","menu_price":"19"},{"menu_name":"Calvados Roger Groult (France)","menu_ingredients":"","menu_price":"10"},{"menu_name":"Cognac Hennessy VS (France)","menu_ingredients":"","menu_price":"12"},{"menu_name":"Cognac Hennessy XO (France)","menu_ingredients":"","menu_price":"38"},{"menu_name":"Chartreuse Verte Classique ","menu_ingredients":"","menu_price":"14"}]}],"allways_closed":false,"allways_closed2":false,"wines":false},"yoast_head":"<!-- This site is optimized with the Yoast SEO plugin v27.0 - https:\/\/yoast.com\/product\/yoast-seo-wordpress\/ -->\n<title>Menu - Le bar Cyril Lignac<\/title>\n<meta name=\"robots\" content=\"index, follow, max-snippet:-1, max-image-preview:large, max-video-preview:-1\" \/>\n<link rel=\"canonical\" href=\"https:\/\/lebarcyrillignac.com\/en\/menu\/\" \/>\n<meta property=\"og:locale\" content=\"en_US\" \/>\n<meta property=\"og:type\" content=\"article\" \/>\n<meta property=\"og:title\" content=\"Menu - Le bar Cyril Lignac\" \/>\n<meta property=\"og:url\" content=\"https:\/\/lebarcyrillignac.com\/en\/menu\/\" \/>\n<meta property=\"og:site_name\" content=\"Le bar Cyril Lignac\" \/>\n<meta property=\"article:modified_time\" content=\"2026-02-23T13:01:40+00:00\" \/>\n<meta name=\"twitter:card\" content=\"summary_large_image\" \/>\n<script type=\"application\/ld+json\" class=\"yoast-schema-graph\">{\"@context\":\"https:\/\/schema.org\",\"@graph\":[{\"@type\":\"WebPage\",\"@id\":\"https:\/\/lebarcyrillignac.com\/en\/menu\/\",\"url\":\"https:\/\/lebarcyrillignac.com\/en\/menu\/\",\"name\":\"Menu - Le bar Cyril Lignac\",\"isPartOf\":{\"@id\":\"https:\/\/lebarcyrillignac.com\/#website\"},\"datePublished\":\"2025-06-05T13:55:43+00:00\",\"dateModified\":\"2026-02-23T13:01:40+00:00\",\"breadcrumb\":{\"@id\":\"https:\/\/lebarcyrillignac.com\/en\/menu\/#breadcrumb\"},\"inLanguage\":\"en-US\",\"potentialAction\":[{\"@type\":\"ReadAction\",\"target\":[\"https:\/\/lebarcyrillignac.com\/en\/menu\/\"]}]},{\"@type\":\"BreadcrumbList\",\"@id\":\"https:\/\/lebarcyrillignac.com\/en\/menu\/#breadcrumb\",\"itemListElement\":[{\"@type\":\"ListItem\",\"position\":1,\"name\":\"Accueil\",\"item\":\"https:\/\/lebarcyrillignac.com\/en\/\"},{\"@type\":\"ListItem\",\"position\":2,\"name\":\"Menu\"}]},{\"@type\":\"WebSite\",\"@id\":\"https:\/\/lebarcyrillignac.com\/#website\",\"url\":\"https:\/\/lebarcyrillignac.com\/\",\"name\":\"Le bar Cyril Lignac\",\"description\":\"\",\"potentialAction\":[{\"@type\":\"SearchAction\",\"target\":{\"@type\":\"EntryPoint\",\"urlTemplate\":\"https:\/\/lebarcyrillignac.com\/?s={search_term_string}\"},\"query-input\":{\"@type\":\"PropertyValueSpecification\",\"valueRequired\":true,\"valueName\":\"search_term_string\"}}],\"inLanguage\":\"en-US\"}]}<\/script>\n<!-- \/ Yoast SEO plugin. -->","yoast_head_json":{"title":"Menu - Le bar Cyril Lignac","robots":{"index":"index","follow":"follow","max-snippet":"max-snippet:-1","max-image-preview":"max-image-preview:large","max-video-preview":"max-video-preview:-1"},"canonical":"https:\/\/lebarcyrillignac.com\/en\/menu\/","og_locale":"en_US","og_type":"article","og_title":"Menu - Le bar Cyril Lignac","og_url":"https:\/\/lebarcyrillignac.com\/en\/menu\/","og_site_name":"Le bar Cyril Lignac","article_modified_time":"2026-02-23T13:01:40+00:00","twitter_card":"summary_large_image","schema":{"@context":"https:\/\/schema.org","@graph":[{"@type":"WebPage","@id":"https:\/\/lebarcyrillignac.com\/en\/menu\/","url":"https:\/\/lebarcyrillignac.com\/en\/menu\/","name":"Menu - Le bar Cyril Lignac","isPartOf":{"@id":"https:\/\/lebarcyrillignac.com\/#website"},"datePublished":"2025-06-05T13:55:43+00:00","dateModified":"2026-02-23T13:01:40+00:00","breadcrumb":{"@id":"https:\/\/lebarcyrillignac.com\/en\/menu\/#breadcrumb"},"inLanguage":"en-US","potentialAction":[{"@type":"ReadAction","target":["https:\/\/lebarcyrillignac.com\/en\/menu\/"]}]},{"@type":"BreadcrumbList","@id":"https:\/\/lebarcyrillignac.com\/en\/menu\/#breadcrumb","itemListElement":[{"@type":"ListItem","position":1,"name":"Accueil","item":"https:\/\/lebarcyrillignac.com\/en\/"},{"@type":"ListItem","position":2,"name":"Menu"}]},{"@type":"WebSite","@id":"https:\/\/lebarcyrillignac.com\/#website","url":"https:\/\/lebarcyrillignac.com\/","name":"Le bar Cyril Lignac","description":"","potentialAction":[{"@type":"SearchAction","target":{"@type":"EntryPoint","urlTemplate":"https:\/\/lebarcyrillignac.com\/?s={search_term_string}"},"query-input":{"@type":"PropertyValueSpecification","valueRequired":true,"valueName":"search_term_string"}}],"inLanguage":"en-US"}]}},"_links":{"self":[{"href":"https:\/\/lebarcyrillignac.com\/en\/wp-json\/wp\/v2\/pages\/642","targetHints":{"allow":["GET"]}}],"collection":[{"href":"https:\/\/lebarcyrillignac.com\/en\/wp-json\/wp\/v2\/pages"}],"about":[{"href":"https:\/\/lebarcyrillignac.com\/en\/wp-json\/wp\/v2\/types\/page"}],"author":[{"embeddable":true,"href":"https:\/\/lebarcyrillignac.com\/en\/wp-json\/wp\/v2\/users\/1"}],"replies":[{"embeddable":true,"href":"https:\/\/lebarcyrillignac.com\/en\/wp-json\/wp\/v2\/comments?post=642"}],"version-history":[{"count":8,"href":"https:\/\/lebarcyrillignac.com\/en\/wp-json\/wp\/v2\/pages\/642\/revisions"}],"predecessor-version":[{"id":750,"href":"https:\/\/lebarcyrillignac.com\/en\/wp-json\/wp\/v2\/pages\/642\/revisions\/750"}],"wp:attachment":[{"href":"https:\/\/lebarcyrillignac.com\/en\/wp-json\/wp\/v2\/media?parent=642"}],"curies":[{"name":"wp","href":"https:\/\/api.w.org\/{rel}","templated":true}]}}